{"id":227,"date":"2019-08-06T15:30:56","date_gmt":"2019-08-06T15:30:56","guid":{"rendered":"http:\/\/payasosdeguatemala.com\/tienda\/?post_type=product&#038;p=227"},"modified":"2025-07-04T17:07:50","modified_gmt":"2025-07-04T23:07:50","slug":"princesa-2-horas","status":"publish","type":"product","link":"https:\/\/payasosdeguatemala.com\/tienda\/producto\/princesa-2-horas\/","title":{"rendered":"ELSA DE FROZEN"},"content":{"rendered":"<p>1 PRINCESA ELSA DE FROZEN<br \/>\nDURACION 2 HORAS<\/p>\n<p>INCLUYE:<br \/>\nPresentacion del cumplea\u00f1er@<br \/>\nAyuda animar el canto del pastel<br \/>\nAmeniza la quiebra de la pi\u00f1ata<br \/>\nRealiza din\u00e1micas, concursos, r<span style=\"font-weight: 400;\">ondas infantiles o canciones\u00a0 tem\u00e1ticas.<\/span><br \/>\nIncluye 15 globos y 15 pintacaritas, 1 bocina amplificada, micr\u00f3fono y m\u00fasica infantil<br \/>\nAnimadora profesional con a\u00f1os de experiencia.<br \/>\nValor Q800.00 Precio v\u00e1lido para la ciudad capital. Algunas \u00e1reas de la capital aplica un peque\u00f1o recargo por traslado de la animadora.<\/p>\n<p>&nbsp;<\/p>\n","protected":false},"excerpt":{"rendered":"<p>1 PRINCESA ELSA DE FROZEN DURACION 2 HORAS INCLUYE: Presentacion del cumplea\u00f1er@ Ayuda animar el canto del pastel Ameniza la quiebra de la pi\u00f1ata Realiza din\u00e1micas, concursos, rondas infantiles o canciones\u00a0 tem\u00e1ticas. Incluye 15 globos y 15 pintacaritas, 1 bocina amplificada, micr\u00f3fono y m\u00fasica infantil Animadora profesional con a\u00f1os de experiencia. Valor Q800.00 Precio v\u00e1lido [&hellip;]<\/p>\n","protected":false},"featured_media":349,"comment_status":"open","ping_status":"closed","template":"","meta":[],"product_brand":[],"product_cat":[20],"product_tag":[],"class_list":{"0":"post-227","1":"product","2":"type-product","3":"status-publish","4":"has-post-thumbnail","6":"product_cat-animacion-infantil","8":"first","9":"instock","10":"shipping-taxable","11":"purchasable","12":"product-type-simple"},"jetpack_sharing_enabled":true,"_links":{"self":[{"href":"https:\/\/payasosdeguatemala.com\/tienda\/wp-json\/wp\/v2\/product\/227","targetHints":{"allow":["GET"]}}],"collection":[{"href":"https:\/\/payasosdeguatemala.com\/tienda\/wp-json\/wp\/v2\/product"}],"about":[{"href":"https:\/\/payasosdeguatemala.com\/tienda\/wp-json\/wp\/v2\/types\/product"}],"replies":[{"embeddable":true,"href":"https:\/\/payasosdeguatemala.com\/tienda\/wp-json\/wp\/v2\/comments?post=227"}],"wp:featuredmedia":[{"embeddable":true,"href":"https:\/\/payasosdeguatemala.com\/tienda\/wp-json\/wp\/v2\/media\/349"}],"wp:attachment":[{"href":"https:\/\/payasosdeguatemala.com\/tienda\/wp-json\/wp\/v2\/media?parent=227"}],"wp:term":[{"taxonomy":"product_brand","embeddable":true,"href":"https:\/\/payasosdeguatemala.com\/tienda\/wp-json\/wp\/v2\/product_brand?post=227"},{"taxonomy":"product_cat","embeddable":true,"href":"https:\/\/payasosdeguatemala.com\/tienda\/wp-json\/wp\/v2\/product_cat?post=227"},{"taxonomy":"product_tag","embeddable":true,"href":"https:\/\/payasosdeguatemala.com\/tienda\/wp-json\/wp\/v2\/product_tag?post=227"}],"curies":[{"name":"wp","href":"https:\/\/api.w.org\/{rel}","templated":true}]}}