{"id":292,"date":"2019-08-12T17:36:26","date_gmt":"2019-08-12T17:36:26","guid":{"rendered":"http:\/\/payasosdeguatemala.com\/tienda\/?post_type=product&#038;p=292"},"modified":"2026-03-20T16:00:55","modified_gmt":"2026-03-20T22:00:55","slug":"animador-comico-play-back","status":"publish","type":"product","link":"https:\/\/payasosdeguatemala.com\/tienda\/producto\/animador-comico-play-back\/","title":{"rendered":"IMITADOR JUAN GABRIEL"},"content":{"rendered":"<p>1 IMITADOR JUAN GABRIEL\u00a0 (Payaso)<br \/>\nDURACION\u00a0 1 HORA<\/p>\n<p>Imitador c\u00f3mico (Playback).<br \/>\nIncluye rutina de chistes c\u00f3micos, parodias, doblaje c\u00f3mico de Juan Gabriel.<br \/>\nRutina de chistes interactivos<br \/>\nJuegos, concursos y din\u00e1micas.<br \/>\nShow 100% llamativo y c\u00f3mico.<br \/>\nIncluye sonido, 1 bocina, m\u00fasica y 1 microfono.<br \/>\nTotal: Q.1500.00 Algunas \u00e1reas\u00a0 aplica recargo por traslado del imitador.<\/p>\n","protected":false},"excerpt":{"rendered":"<p>1 IMITADOR JUAN GABRIEL\u00a0 (Payaso) DURACION\u00a0 1 HORA Imitador c\u00f3mico (Playback). Incluye rutina de chistes c\u00f3micos, parodias, doblaje c\u00f3mico de Juan Gabriel. Rutina de chistes interactivos Juegos, concursos y din\u00e1micas. Show 100% llamativo y c\u00f3mico. Incluye sonido, 1 bocina, m\u00fasica y 1 microfono. Total: Q.1500.00 Algunas \u00e1reas\u00a0 aplica recargo por traslado del imitador.<\/p>\n","protected":false},"featured_media":377,"comment_status":"open","ping_status":"closed","template":"","meta":[],"product_brand":[],"product_cat":[21],"product_tag":[],"class_list":{"0":"post-292","1":"product","2":"type-product","3":"status-publish","4":"has-post-thumbnail","6":"product_cat-animacion-adultos","8":"first","9":"instock","10":"shipping-taxable","11":"purchasable","12":"product-type-simple"},"jetpack_sharing_enabled":true,"_links":{"self":[{"href":"https:\/\/payasosdeguatemala.com\/tienda\/wp-json\/wp\/v2\/product\/292","targetHints":{"allow":["GET"]}}],"collection":[{"href":"https:\/\/payasosdeguatemala.com\/tienda\/wp-json\/wp\/v2\/product"}],"about":[{"href":"https:\/\/payasosdeguatemala.com\/tienda\/wp-json\/wp\/v2\/types\/product"}],"replies":[{"embeddable":true,"href":"https:\/\/payasosdeguatemala.com\/tienda\/wp-json\/wp\/v2\/comments?post=292"}],"wp:featuredmedia":[{"embeddable":true,"href":"https:\/\/payasosdeguatemala.com\/tienda\/wp-json\/wp\/v2\/media\/377"}],"wp:attachment":[{"href":"https:\/\/payasosdeguatemala.com\/tienda\/wp-json\/wp\/v2\/media?parent=292"}],"wp:term":[{"taxonomy":"product_brand","embeddable":true,"href":"https:\/\/payasosdeguatemala.com\/tienda\/wp-json\/wp\/v2\/product_brand?post=292"},{"taxonomy":"product_cat","embeddable":true,"href":"https:\/\/payasosdeguatemala.com\/tienda\/wp-json\/wp\/v2\/product_cat?post=292"},{"taxonomy":"product_tag","embeddable":true,"href":"https:\/\/payasosdeguatemala.com\/tienda\/wp-json\/wp\/v2\/product_tag?post=292"}],"curies":[{"name":"wp","href":"https:\/\/api.w.org\/{rel}","templated":true}]}}