{"id":344,"date":"2025-07-04T12:44:47","date_gmt":"2025-07-04T18:44:47","guid":{"rendered":"https:\/\/payasosdeguatemala.com\/tienda\/?post_type=product&#038;p=344"},"modified":"2026-03-20T15:47:45","modified_gmt":"2026-03-20T21:47:45","slug":"payaso-cristiano","status":"publish","type":"product","link":"https:\/\/payasosdeguatemala.com\/tienda\/producto\/payaso-cristiano\/","title":{"rendered":"PAYASO CRISTIANO"},"content":{"rendered":"<p>1 PAYASO CRISTIANO<br \/>\nDURACI\u00d3N 2 HORAS<\/p>\n<p>INCLUYE:<br \/>\nPresentacion del cumplea\u00f1er@<br \/>\nAyuda animar el canto del pastel<br \/>\nAmeniza la quiebra de la pi\u00f1ata<br \/>\nRealiza juegos y concursos<br \/>\nIncluye 15 globos y 15 pintacaritas, 1 bocina amplificada, micr\u00f3fono y m\u00fasica infantil<br \/>\nShow para todas las edades.<br \/>\nPayasos profesionales con a\u00f1os de experiencia, no dicen malas palabras ni chistes en doble sentido.<br \/>\nValor Q850.00\u00a0 Precio valid\u00f3 para la ciudad. Algunas \u00e1reas de la capital aplican un peque\u00f1o recargo por traslado del payaso.<\/p>\n","protected":false},"excerpt":{"rendered":"<p>1 PAYASO CRISTIANO DURACI\u00d3N 2 HORAS INCLUYE: Presentacion del cumplea\u00f1er@ Ayuda animar el canto del pastel Ameniza la quiebra de la pi\u00f1ata Realiza juegos y concursos Incluye 15 globos y 15 pintacaritas, 1 bocina amplificada, micr\u00f3fono y m\u00fasica infantil Show para todas las edades. Payasos profesionales con a\u00f1os de experiencia, no dicen malas palabras ni [&hellip;]<\/p>\n","protected":false},"featured_media":345,"comment_status":"open","ping_status":"closed","template":"","meta":[],"product_brand":[],"product_cat":[20],"product_tag":[],"class_list":{"0":"post-344","1":"product","2":"type-product","3":"status-publish","4":"has-post-thumbnail","6":"product_cat-animacion-infantil","8":"first","9":"instock","10":"shipping-taxable","11":"purchasable","12":"product-type-simple"},"jetpack_sharing_enabled":true,"_links":{"self":[{"href":"https:\/\/payasosdeguatemala.com\/tienda\/wp-json\/wp\/v2\/product\/344","targetHints":{"allow":["GET"]}}],"collection":[{"href":"https:\/\/payasosdeguatemala.com\/tienda\/wp-json\/wp\/v2\/product"}],"about":[{"href":"https:\/\/payasosdeguatemala.com\/tienda\/wp-json\/wp\/v2\/types\/product"}],"replies":[{"embeddable":true,"href":"https:\/\/payasosdeguatemala.com\/tienda\/wp-json\/wp\/v2\/comments?post=344"}],"wp:featuredmedia":[{"embeddable":true,"href":"https:\/\/payasosdeguatemala.com\/tienda\/wp-json\/wp\/v2\/media\/345"}],"wp:attachment":[{"href":"https:\/\/payasosdeguatemala.com\/tienda\/wp-json\/wp\/v2\/media?parent=344"}],"wp:term":[{"taxonomy":"product_brand","embeddable":true,"href":"https:\/\/payasosdeguatemala.com\/tienda\/wp-json\/wp\/v2\/product_brand?post=344"},{"taxonomy":"product_cat","embeddable":true,"href":"https:\/\/payasosdeguatemala.com\/tienda\/wp-json\/wp\/v2\/product_cat?post=344"},{"taxonomy":"product_tag","embeddable":true,"href":"https:\/\/payasosdeguatemala.com\/tienda\/wp-json\/wp\/v2\/product_tag?post=344"}],"curies":[{"name":"wp","href":"https:\/\/api.w.org\/{rel}","templated":true}]}}