{"id":350,"date":"2025-07-04T13:52:57","date_gmt":"2025-07-04T19:52:57","guid":{"rendered":"https:\/\/payasosdeguatemala.com\/tienda\/?post_type=product&#038;p=350"},"modified":"2026-03-20T15:34:09","modified_gmt":"2026-03-20T21:34:09","slug":"payasita-tematica-de-abejita","status":"publish","type":"product","link":"https:\/\/payasosdeguatemala.com\/tienda\/producto\/payasita-tematica-de-abejita\/","title":{"rendered":"PAYASITA TEM\u00c1TICA DE ABEJITA"},"content":{"rendered":"<p>1 PAYASITA CON TEM\u00c1TICA DE ABEJITA<br \/>\nDURACION 2 HORAS<\/p>\n<p>INCLUYE:<br \/>\nPresentacion del cumplea\u00f1er@<br \/>\nAyuda animar el canto del pastel<br \/>\nAmeniza la quiebra de la pi\u00f1ata<br \/>\nRealiza juegos y concursos<br \/>\nIncluye 15 globos o 15 pintacaritas, 1 bocina amplificada, micr\u00f3fono y m\u00fasica infantil<br \/>\nShow para todas las edades.<br \/>\nPayasita profesional con a\u00f1os de experiencia, no dice malas palabras ni chistes en doble sentido.<br \/>\nValor Q850.00 Precios v\u00e1lido para la ciudad. Algunas \u00e1reas aplica recargo por traslado de la payasita.<\/p>\n","protected":false},"excerpt":{"rendered":"<p>1 PAYASITA CON TEM\u00c1TICA DE ABEJITA DURACION 2 HORAS INCLUYE: Presentacion del cumplea\u00f1er@ Ayuda animar el canto del pastel Ameniza la quiebra de la pi\u00f1ata Realiza juegos y concursos Incluye 15 globos o 15 pintacaritas, 1 bocina amplificada, micr\u00f3fono y m\u00fasica infantil Show para todas las edades. Payasita profesional con a\u00f1os de experiencia, no dice [&hellip;]<\/p>\n","protected":false},"featured_media":351,"comment_status":"open","ping_status":"closed","template":"","meta":[],"product_brand":[],"product_cat":[20],"product_tag":[],"class_list":{"0":"post-350","1":"product","2":"type-product","3":"status-publish","4":"has-post-thumbnail","6":"product_cat-animacion-infantil","8":"first","9":"instock","10":"shipping-taxable","11":"purchasable","12":"product-type-simple"},"jetpack_sharing_enabled":true,"_links":{"self":[{"href":"https:\/\/payasosdeguatemala.com\/tienda\/wp-json\/wp\/v2\/product\/350","targetHints":{"allow":["GET"]}}],"collection":[{"href":"https:\/\/payasosdeguatemala.com\/tienda\/wp-json\/wp\/v2\/product"}],"about":[{"href":"https:\/\/payasosdeguatemala.com\/tienda\/wp-json\/wp\/v2\/types\/product"}],"replies":[{"embeddable":true,"href":"https:\/\/payasosdeguatemala.com\/tienda\/wp-json\/wp\/v2\/comments?post=350"}],"wp:featuredmedia":[{"embeddable":true,"href":"https:\/\/payasosdeguatemala.com\/tienda\/wp-json\/wp\/v2\/media\/351"}],"wp:attachment":[{"href":"https:\/\/payasosdeguatemala.com\/tienda\/wp-json\/wp\/v2\/media?parent=350"}],"wp:term":[{"taxonomy":"product_brand","embeddable":true,"href":"https:\/\/payasosdeguatemala.com\/tienda\/wp-json\/wp\/v2\/product_brand?post=350"},{"taxonomy":"product_cat","embeddable":true,"href":"https:\/\/payasosdeguatemala.com\/tienda\/wp-json\/wp\/v2\/product_cat?post=350"},{"taxonomy":"product_tag","embeddable":true,"href":"https:\/\/payasosdeguatemala.com\/tienda\/wp-json\/wp\/v2\/product_tag?post=350"}],"curies":[{"name":"wp","href":"https:\/\/api.w.org\/{rel}","templated":true}]}}