{"id":358,"date":"2025-07-04T15:45:58","date_gmt":"2025-07-04T21:45:58","guid":{"rendered":"https:\/\/payasosdeguatemala.com\/tienda\/?post_type=product&#038;p=358"},"modified":"2026-03-20T15:26:18","modified_gmt":"2026-03-20T21:26:18","slug":"payasita-para-baby-shower","status":"publish","type":"product","link":"https:\/\/payasosdeguatemala.com\/tienda\/producto\/payasita-para-baby-shower\/","title":{"rendered":"PAYASITA PARA BABY SHOWER"},"content":{"rendered":"<p>1 PAYASITA PARA BABY SHOWER<br \/>\nDURACION 1:30 MINUTOS<\/p>\n<p>Celebra la llegada de tu beb\u00e9 con un baby shower inolvidable.<br \/>\nLa payasita da la bienvenida a tus invitados rompiendo el hielo<br \/>\ncon risas desde el inicio. Show animado, alegre y entretenido.<br \/>\nLa payasita involucrara a todos los invitados, creando un ambiente de unidad y diversi\u00f3n.<br \/>\nLa payasita lleva diferente utiler\u00eda para realizar las actividades: productos para beb\u00e9, cestas, cajas, hojas, l\u00e1pices, palillos, globos, cintas, cucharas y dem\u00e1s materiales necesarios para cada actividad.<br \/>\nToda la participaci\u00f3n de la payasita es 100% humor\u00edstica y divertida.<br \/>\nIncluye equipo de sonido: Bocina amplificada, micr\u00f3fono y m\u00fasica.<br \/>\nValor del servicio Q850.00 Precios v\u00e1lidos para la ciudad de Guatemala. Algunas \u00e1reas si aplica recargo por traslado de la payasita. Si desea realiza un dibujo en la pancita a la festejada por Q.150.00 adicionales.<\/p>\n","protected":false},"excerpt":{"rendered":"<p>Show 100% Profesional<\/p>\n","protected":false},"featured_media":359,"comment_status":"open","ping_status":"closed","template":"","meta":[],"product_brand":[],"product_cat":[21],"product_tag":[],"class_list":{"0":"post-358","1":"product","2":"type-product","3":"status-publish","4":"has-post-thumbnail","6":"product_cat-animacion-adultos","8":"first","9":"instock","10":"shipping-taxable","11":"purchasable","12":"product-type-simple"},"jetpack_sharing_enabled":true,"_links":{"self":[{"href":"https:\/\/payasosdeguatemala.com\/tienda\/wp-json\/wp\/v2\/product\/358","targetHints":{"allow":["GET"]}}],"collection":[{"href":"https:\/\/payasosdeguatemala.com\/tienda\/wp-json\/wp\/v2\/product"}],"about":[{"href":"https:\/\/payasosdeguatemala.com\/tienda\/wp-json\/wp\/v2\/types\/product"}],"replies":[{"embeddable":true,"href":"https:\/\/payasosdeguatemala.com\/tienda\/wp-json\/wp\/v2\/comments?post=358"}],"wp:featuredmedia":[{"embeddable":true,"href":"https:\/\/payasosdeguatemala.com\/tienda\/wp-json\/wp\/v2\/media\/359"}],"wp:attachment":[{"href":"https:\/\/payasosdeguatemala.com\/tienda\/wp-json\/wp\/v2\/media?parent=358"}],"wp:term":[{"taxonomy":"product_brand","embeddable":true,"href":"https:\/\/payasosdeguatemala.com\/tienda\/wp-json\/wp\/v2\/product_brand?post=358"},{"taxonomy":"product_cat","embeddable":true,"href":"https:\/\/payasosdeguatemala.com\/tienda\/wp-json\/wp\/v2\/product_cat?post=358"},{"taxonomy":"product_tag","embeddable":true,"href":"https:\/\/payasosdeguatemala.com\/tienda\/wp-json\/wp\/v2\/product_tag?post=358"}],"curies":[{"name":"wp","href":"https:\/\/api.w.org\/{rel}","templated":true}]}}