{"id":366,"date":"2025-07-07T14:07:49","date_gmt":"2025-07-07T20:07:49","guid":{"rendered":"https:\/\/payasosdeguatemala.com\/tienda\/?post_type=product&#038;p=366"},"modified":"2025-10-02T14:09:55","modified_gmt":"2025-10-02T20:09:55","slug":"enanos","status":"publish","type":"product","link":"https:\/\/payasosdeguatemala.com\/tienda\/producto\/enanos\/","title":{"rendered":"ENANOS PARA BODAS"},"content":{"rendered":"<p>1 PERSONA PEQUE\u00d1A\u00a0 (enano)<br \/>\nDURACI\u00d3N 1 HORA<\/p>\n<p>Nuestro personaje peque\u00f1o (enano) har\u00e1 de tu celebraci\u00f3n un momento inolvidable, interactuando de forma cercana y carism\u00e1tica con los invitados. Durante una hora, animar\u00e1 la fiesta con mucha energ\u00eda, bailar\u00e1 con los asistentes y repartir\u00e1 tequila (o shots), \u00a1haciendo de la pista un verdadero show!Tambi\u00e9n podr\u00e1n tomarse fotos con \u00e9l, creando recuerdos divertidos y espont\u00e1neos que todos disfrutar\u00e1n. Ideal para la hora loca de bodas, animaci\u00f3n alegre, original y segura. Personal con experiencia y gran carisma.<br \/>\nVALOR Q1200.00 M\u00e1s un peque\u00f1o recargo por traslado.<\/p>\n","protected":false},"excerpt":{"rendered":"<p>\u00a1A\u00f1ade un toque \u00fanico y divertido a tu boda con nuestro personaje peque\u00f1o!<\/p>\n","protected":false},"featured_media":383,"comment_status":"open","ping_status":"closed","template":"","meta":[],"product_brand":[],"product_cat":[21],"product_tag":[],"class_list":{"0":"post-366","1":"product","2":"type-product","3":"status-publish","4":"has-post-thumbnail","6":"product_cat-animacion-adultos","8":"first","9":"instock","10":"shipping-taxable","11":"purchasable","12":"product-type-simple"},"jetpack_sharing_enabled":true,"_links":{"self":[{"href":"https:\/\/payasosdeguatemala.com\/tienda\/wp-json\/wp\/v2\/product\/366","targetHints":{"allow":["GET"]}}],"collection":[{"href":"https:\/\/payasosdeguatemala.com\/tienda\/wp-json\/wp\/v2\/product"}],"about":[{"href":"https:\/\/payasosdeguatemala.com\/tienda\/wp-json\/wp\/v2\/types\/product"}],"replies":[{"embeddable":true,"href":"https:\/\/payasosdeguatemala.com\/tienda\/wp-json\/wp\/v2\/comments?post=366"}],"wp:featuredmedia":[{"embeddable":true,"href":"https:\/\/payasosdeguatemala.com\/tienda\/wp-json\/wp\/v2\/media\/383"}],"wp:attachment":[{"href":"https:\/\/payasosdeguatemala.com\/tienda\/wp-json\/wp\/v2\/media?parent=366"}],"wp:term":[{"taxonomy":"product_brand","embeddable":true,"href":"https:\/\/payasosdeguatemala.com\/tienda\/wp-json\/wp\/v2\/product_brand?post=366"},{"taxonomy":"product_cat","embeddable":true,"href":"https:\/\/payasosdeguatemala.com\/tienda\/wp-json\/wp\/v2\/product_cat?post=366"},{"taxonomy":"product_tag","embeddable":true,"href":"https:\/\/payasosdeguatemala.com\/tienda\/wp-json\/wp\/v2\/product_tag?post=366"}],"curies":[{"name":"wp","href":"https:\/\/api.w.org\/{rel}","templated":true}]}}