{"id":368,"date":"2025-07-07T14:23:29","date_gmt":"2025-07-07T20:23:29","guid":{"rendered":"https:\/\/payasosdeguatemala.com\/tienda\/?post_type=product&#038;p=368"},"modified":"2026-03-20T15:49:07","modified_gmt":"2026-03-20T21:49:07","slug":"revelacion-de-genero","status":"publish","type":"product","link":"https:\/\/payasosdeguatemala.com\/tienda\/producto\/revelacion-de-genero\/","title":{"rendered":"REVELACI\u00d3N DE G\u00c9NERO"},"content":{"rendered":"<p><span style=\"font-weight: 400;\">1 PAYASITA PARA REVELACI\u00d3N DE G\u00c9NERO<br \/>\nDURACION 1:30 MINUTOS<\/span><\/p>\n<p><span style=\"font-weight: 400;\">Celebra la emoci\u00f3n de descubrir si ser\u00e1 ni\u00f1o o ni\u00f1a con un show<br \/>\n<\/span><span style=\"font-weight: 400;\">\u00a0\u00fanico y lleno de sorpresas:<br \/>\n<\/span><span style=\"font-weight: 400;\">Animaci\u00f3n especial con juegos y concursos para crear un ambiente emocionante.<br \/>\n<\/span><span style=\"font-weight: 400;\">Momentos llenos de alegr\u00eda y conexi\u00f3n con tus seres queridos.<br \/>\n<\/span><span style=\"font-weight: 400;\">Toda la participaci\u00f3n de la payasita es\u00a0 100% Humor\u00edstica y divertida.<br \/>\n<\/span><span style=\"font-weight: 400;\">Incluye equipo de sonido: Bocina amplificada y micr\u00f3fono.<br \/>\n<\/span><span style=\"font-weight: 400;\">TOTAL Q850.00 Precios v\u00e1lidos para la ciudad de Guatemala.<br \/>\nAlgunas \u00e1reas si aplica recargo por distancia.<br \/>\n<\/span><\/p>\n<p><span style=\"font-weight: 400;\">Si deseas puedes agregar\u00a0 al show\u00a0 elementos adicionales como:<br \/>\n<\/span><span style=\"font-weight: 400;\">\u2014 Humo de color<br \/>\n<\/span><span style=\"font-weight: 400;\">\u2014 Globo sorpresa<br \/>\n<\/span><span style=\"font-weight: 400;\">\u2014 Confeti revelador<br \/>\n<\/span><span style=\"font-weight: 400;\">Estos se pueden agregar con un costo adicional de Q125<\/span><\/p>\n<p><span style=\"font-weight: 400;\">\u00a0<\/span><\/p>\n","protected":false},"excerpt":{"rendered":"<p>1 PAYASITA PARA REVELACI\u00d3N DE G\u00c9NERO DURACION 1:30 MINUTOS Celebra la emoci\u00f3n de descubrir si ser\u00e1 ni\u00f1o o ni\u00f1a con un show \u00a0\u00fanico y lleno de sorpresas: Animaci\u00f3n especial con juegos y concursos para crear un ambiente emocionante. Momentos llenos de alegr\u00eda y conexi\u00f3n con tus seres queridos. Toda la participaci\u00f3n de la payasita es\u00a0 [&hellip;]<\/p>\n","protected":false},"featured_media":370,"comment_status":"open","ping_status":"closed","template":"","meta":[],"product_brand":[],"product_cat":[21],"product_tag":[],"class_list":{"0":"post-368","1":"product","2":"type-product","3":"status-publish","4":"has-post-thumbnail","6":"product_cat-animacion-adultos","8":"first","9":"instock","10":"shipping-taxable","11":"purchasable","12":"product-type-simple"},"jetpack_sharing_enabled":true,"_links":{"self":[{"href":"https:\/\/payasosdeguatemala.com\/tienda\/wp-json\/wp\/v2\/product\/368","targetHints":{"allow":["GET"]}}],"collection":[{"href":"https:\/\/payasosdeguatemala.com\/tienda\/wp-json\/wp\/v2\/product"}],"about":[{"href":"https:\/\/payasosdeguatemala.com\/tienda\/wp-json\/wp\/v2\/types\/product"}],"replies":[{"embeddable":true,"href":"https:\/\/payasosdeguatemala.com\/tienda\/wp-json\/wp\/v2\/comments?post=368"}],"wp:featuredmedia":[{"embeddable":true,"href":"https:\/\/payasosdeguatemala.com\/tienda\/wp-json\/wp\/v2\/media\/370"}],"wp:attachment":[{"href":"https:\/\/payasosdeguatemala.com\/tienda\/wp-json\/wp\/v2\/media?parent=368"}],"wp:term":[{"taxonomy":"product_brand","embeddable":true,"href":"https:\/\/payasosdeguatemala.com\/tienda\/wp-json\/wp\/v2\/product_brand?post=368"},{"taxonomy":"product_cat","embeddable":true,"href":"https:\/\/payasosdeguatemala.com\/tienda\/wp-json\/wp\/v2\/product_cat?post=368"},{"taxonomy":"product_tag","embeddable":true,"href":"https:\/\/payasosdeguatemala.com\/tienda\/wp-json\/wp\/v2\/product_tag?post=368"}],"curies":[{"name":"wp","href":"https:\/\/api.w.org\/{rel}","templated":true}]}}