{"id":371,"date":"2025-07-07T15:11:32","date_gmt":"2025-07-07T21:11:32","guid":{"rendered":"https:\/\/payasosdeguatemala.com\/tienda\/?post_type=product&#038;p=371"},"modified":"2026-03-20T15:40:56","modified_gmt":"2026-03-20T21:40:56","slug":"payaso-para-despedida-de-soltera-o","status":"publish","type":"product","link":"https:\/\/payasosdeguatemala.com\/tienda\/producto\/payaso-para-despedida-de-soltera-o\/","title":{"rendered":"PAYASO PARA DESPEDIDA DE SOLTERA\/O"},"content":{"rendered":"<p>1 PAYASO PARA DESPEDIDA DE SOLTEROS<br \/>\nDURACION 1:30 MINUTOS<br \/>\n<b><br \/>\n<\/b><span style=\"font-weight: 400;\">\u00a1Haz de tu despedida de soltero\/a una celebraci\u00f3n llena de risas, juegos y buena vibra!<br \/>\nNuestros payasos o profesionales garantizan:<\/span><span style=\"font-weight: 400;\"><br \/>\n<\/span><span style=\"font-weight: 400;\">Din\u00e1micas y juegos atrevidos (con buen gusto).<\/span><span style=\"font-weight: 400;\"><br \/>\n<\/span><span style=\"font-weight: 400;\">Interacci\u00f3n con los invitados, creando un ambiente \u00fanico y divertido.<\/span><span style=\"font-weight: 400;\"><br \/>\n<\/span><span style=\"font-weight: 400;\">Show adaptado al estilo del evento: Desde comedia ligera hasta actividades m\u00e1s picantes seg\u00fan el cliente desee.<br \/>\n<\/span><span style=\"font-weight: 400;\">M\u00fasica y animaci\u00f3n constante para mantener la energ\u00eda al m\u00e1ximo.<br \/>\n<\/span><span style=\"font-weight: 400;\">Incluye Sonido: 1 bocina amplificada, micr\u00f3fono y m\u00fasica.<br \/>\nValor del servicio:Q950.00 P<\/span><span style=\"font-weight: 400;\">recio\u00a0 v\u00e1lido para ciudad capital. Algunas \u00e1reas\u00a0 aplica recargo por traslado del payaso. <\/span><span style=\"font-weight: 400;\"><br \/>\n<\/span><\/p>\n","protected":false},"excerpt":{"rendered":"<p>1 PAYASO PARA DESPEDIDA DE SOLTEROS DURACION 1:30 MINUTOS \u00a1Haz de tu despedida de soltero\/a una celebraci\u00f3n llena de risas, juegos y buena vibra! Nuestros payasos o profesionales garantizan: Din\u00e1micas y juegos atrevidos (con buen gusto). Interacci\u00f3n con los invitados, creando un ambiente \u00fanico y divertido. Show adaptado al estilo del evento: Desde comedia ligera [&hellip;]<\/p>\n","protected":false},"featured_media":364,"comment_status":"open","ping_status":"closed","template":"","meta":[],"product_brand":[],"product_cat":[21],"product_tag":[],"class_list":{"0":"post-371","1":"product","2":"type-product","3":"status-publish","4":"has-post-thumbnail","6":"product_cat-animacion-adultos","8":"first","9":"instock","10":"shipping-taxable","11":"purchasable","12":"product-type-simple"},"jetpack_sharing_enabled":true,"_links":{"self":[{"href":"https:\/\/payasosdeguatemala.com\/tienda\/wp-json\/wp\/v2\/product\/371","targetHints":{"allow":["GET"]}}],"collection":[{"href":"https:\/\/payasosdeguatemala.com\/tienda\/wp-json\/wp\/v2\/product"}],"about":[{"href":"https:\/\/payasosdeguatemala.com\/tienda\/wp-json\/wp\/v2\/types\/product"}],"replies":[{"embeddable":true,"href":"https:\/\/payasosdeguatemala.com\/tienda\/wp-json\/wp\/v2\/comments?post=371"}],"wp:featuredmedia":[{"embeddable":true,"href":"https:\/\/payasosdeguatemala.com\/tienda\/wp-json\/wp\/v2\/media\/364"}],"wp:attachment":[{"href":"https:\/\/payasosdeguatemala.com\/tienda\/wp-json\/wp\/v2\/media?parent=371"}],"wp:term":[{"taxonomy":"product_brand","embeddable":true,"href":"https:\/\/payasosdeguatemala.com\/tienda\/wp-json\/wp\/v2\/product_brand?post=371"},{"taxonomy":"product_cat","embeddable":true,"href":"https:\/\/payasosdeguatemala.com\/tienda\/wp-json\/wp\/v2\/product_cat?post=371"},{"taxonomy":"product_tag","embeddable":true,"href":"https:\/\/payasosdeguatemala.com\/tienda\/wp-json\/wp\/v2\/product_tag?post=371"}],"curies":[{"name":"wp","href":"https:\/\/api.w.org\/{rel}","templated":true}]}}