{"id":373,"date":"2025-07-07T15:54:09","date_gmt":"2025-07-07T21:54:09","guid":{"rendered":"https:\/\/payasosdeguatemala.com\/tienda\/?post_type=product&#038;p=373"},"modified":"2026-03-20T15:22:43","modified_gmt":"2026-03-20T21:22:43","slug":"payaso-imitador-comico","status":"publish","type":"product","link":"https:\/\/payasosdeguatemala.com\/tienda\/producto\/payaso-imitador-comico\/","title":{"rendered":"PAYASO IMITADOR COMICO"},"content":{"rendered":"<p><span style=\"font-weight: 400;\">1 PAYASO COMICO IMITADOR<br \/>\nDURACION 1:30 MINUTOS<\/span><\/p>\n<p>Incluye rutina de chistes c\u00f3micos, parodias, doblaje c\u00f3mico de\u00a0 Juan Gabriel, Paquita la del Barrio y otros artistas.<span style=\"font-weight: 400;\"><br \/>\n<\/span><span style=\"font-weight: 400;\">Rutina de chistes interactivos<\/span><span style=\"font-weight: 400;\"><br \/>\n<\/span><span style=\"font-weight: 400;\">Juegos, concursos y din\u00e1micas<\/span><span style=\"font-weight: 400;\"><br \/>\n<\/span><span style=\"font-weight: 400;\">El artista lleva diferente utiler\u00eda y vestuario para cada imitaci\u00f3n.<\/span><span style=\"font-weight: 400;\"><br \/>\n<\/span><span style=\"font-weight: 400;\">Show\u00a0 100% llamativo y c\u00f3mico.<\/span><span style=\"font-weight: 400;\"><br \/>\n<\/span><span style=\"font-weight: 400;\">Incluye sonido, 1 bocina, m\u00fasica y 1 micr\u00f3fono. <\/span><span style=\"font-weight: 400;\"><br \/>\n<\/span><span style=\"font-weight: 400;\">Total: Q.1500.00\u00a0 P<\/span><span style=\"font-weight: 400;\">recio\u00a0 v\u00e1lido para ciudad capital. Algunas \u00e1reas aplica recargo por traslado del payaso<\/span><span style=\"font-weight: 400;\"><br \/>\n<\/span><\/p>\n","protected":false},"excerpt":{"rendered":"<p>1 PAYASO COMICO IMITADOR DURACION 1:30 MINUTOS Incluye rutina de chistes c\u00f3micos, parodias, doblaje c\u00f3mico de\u00a0 Juan Gabriel, Paquita la del Barrio y otros artistas. Rutina de chistes interactivos Juegos, concursos y din\u00e1micas El artista lleva diferente utiler\u00eda y vestuario para cada imitaci\u00f3n. Show\u00a0 100% llamativo y c\u00f3mico. Incluye sonido, 1 bocina, m\u00fasica y 1 [&hellip;]<\/p>\n","protected":false},"featured_media":374,"comment_status":"open","ping_status":"closed","template":"","meta":[],"product_brand":[],"product_cat":[21],"product_tag":[],"class_list":{"0":"post-373","1":"product","2":"type-product","3":"status-publish","4":"has-post-thumbnail","6":"product_cat-animacion-adultos","8":"first","9":"instock","10":"shipping-taxable","11":"purchasable","12":"product-type-simple"},"jetpack_sharing_enabled":true,"_links":{"self":[{"href":"https:\/\/payasosdeguatemala.com\/tienda\/wp-json\/wp\/v2\/product\/373","targetHints":{"allow":["GET"]}}],"collection":[{"href":"https:\/\/payasosdeguatemala.com\/tienda\/wp-json\/wp\/v2\/product"}],"about":[{"href":"https:\/\/payasosdeguatemala.com\/tienda\/wp-json\/wp\/v2\/types\/product"}],"replies":[{"embeddable":true,"href":"https:\/\/payasosdeguatemala.com\/tienda\/wp-json\/wp\/v2\/comments?post=373"}],"wp:featuredmedia":[{"embeddable":true,"href":"https:\/\/payasosdeguatemala.com\/tienda\/wp-json\/wp\/v2\/media\/374"}],"wp:attachment":[{"href":"https:\/\/payasosdeguatemala.com\/tienda\/wp-json\/wp\/v2\/media?parent=373"}],"wp:term":[{"taxonomy":"product_brand","embeddable":true,"href":"https:\/\/payasosdeguatemala.com\/tienda\/wp-json\/wp\/v2\/product_brand?post=373"},{"taxonomy":"product_cat","embeddable":true,"href":"https:\/\/payasosdeguatemala.com\/tienda\/wp-json\/wp\/v2\/product_cat?post=373"},{"taxonomy":"product_tag","embeddable":true,"href":"https:\/\/payasosdeguatemala.com\/tienda\/wp-json\/wp\/v2\/product_tag?post=373"}],"curies":[{"name":"wp","href":"https:\/\/api.w.org\/{rel}","templated":true}]}}