{"id":380,"date":"2025-07-12T10:09:52","date_gmt":"2025-07-12T16:09:52","guid":{"rendered":"https:\/\/payasosdeguatemala.com\/tienda\/?post_type=product&#038;p=380"},"modified":"2026-03-20T15:20:13","modified_gmt":"2026-03-20T21:20:13","slug":"zanqueros-para-bodas","status":"publish","type":"product","link":"https:\/\/payasosdeguatemala.com\/tienda\/producto\/zanqueros-para-bodas\/","title":{"rendered":"ZANQUERO PARA BODA"},"content":{"rendered":"<p>1 ZANQUERO<br \/>\nDURACI\u00d3N 1 HORA<\/p>\n<p>Dale un giro inolvidable a tu boda con nuestro espect\u00e1culo de zanqueros, ideal para animar la hora loca y encender la pista de baile. Nuestros zanqueros profesionales no solo impresionan con su show acrob\u00e1tico \u2014caminando en un pie, saltando y corriendo sobre zancos\u2014, sino que tambi\u00e9n interact\u00faan con los invitados, \u00a1sac\u00e1ndolos a bailar y contagi\u00e1ndolos de alegr\u00eda!<br \/>\nZanqueros con\u00a0 vestuarios elegantes y llamativos\u00a0 los zanqueros se convierten en el alma de la fiesta, creando momentos \u00fanicos y divertidos que todos recordar\u00e1n.<br \/>\nVALOR\u00a0 Q800.00 Precio v\u00e1lido para la ciudad capital.<\/p>\n<p>Algunas \u00e1reas aplica recargo por traslado de los zanqueros.<\/p>\n","protected":false},"excerpt":{"rendered":"<p>\u00a1Zanqueros para la hora loca de tu boda!<\/p>\n","protected":false},"featured_media":381,"comment_status":"open","ping_status":"closed","template":"","meta":[],"product_brand":[],"product_cat":[21],"product_tag":[],"class_list":{"0":"post-380","1":"product","2":"type-product","3":"status-publish","4":"has-post-thumbnail","6":"product_cat-animacion-adultos","8":"first","9":"instock","10":"sale","11":"shipping-taxable","12":"purchasable","13":"product-type-simple"},"jetpack_sharing_enabled":true,"_links":{"self":[{"href":"https:\/\/payasosdeguatemala.com\/tienda\/wp-json\/wp\/v2\/product\/380","targetHints":{"allow":["GET"]}}],"collection":[{"href":"https:\/\/payasosdeguatemala.com\/tienda\/wp-json\/wp\/v2\/product"}],"about":[{"href":"https:\/\/payasosdeguatemala.com\/tienda\/wp-json\/wp\/v2\/types\/product"}],"replies":[{"embeddable":true,"href":"https:\/\/payasosdeguatemala.com\/tienda\/wp-json\/wp\/v2\/comments?post=380"}],"wp:featuredmedia":[{"embeddable":true,"href":"https:\/\/payasosdeguatemala.com\/tienda\/wp-json\/wp\/v2\/media\/381"}],"wp:attachment":[{"href":"https:\/\/payasosdeguatemala.com\/tienda\/wp-json\/wp\/v2\/media?parent=380"}],"wp:term":[{"taxonomy":"product_brand","embeddable":true,"href":"https:\/\/payasosdeguatemala.com\/tienda\/wp-json\/wp\/v2\/product_brand?post=380"},{"taxonomy":"product_cat","embeddable":true,"href":"https:\/\/payasosdeguatemala.com\/tienda\/wp-json\/wp\/v2\/product_cat?post=380"},{"taxonomy":"product_tag","embeddable":true,"href":"https:\/\/payasosdeguatemala.com\/tienda\/wp-json\/wp\/v2\/product_tag?post=380"}],"curies":[{"name":"wp","href":"https:\/\/api.w.org\/{rel}","templated":true}]}}