{"id":385,"date":"2025-07-12T10:51:32","date_gmt":"2025-07-12T16:51:32","guid":{"rendered":"https:\/\/payasosdeguatemala.com\/tienda\/?post_type=product&#038;p=385"},"modified":"2025-10-02T14:07:49","modified_gmt":"2025-10-02T20:07:49","slug":"enanos-para-eventos","status":"publish","type":"product","link":"https:\/\/payasosdeguatemala.com\/tienda\/producto\/enanos-para-eventos\/","title":{"rendered":"ENANOS PARA EVENTOS"},"content":{"rendered":"<p>1 PERSONA PEQUE\u00d1A ( enano)<br \/>\nDURACI\u00d3N 1 HORA<\/p>\n<p>Nuestro personaje peque\u00f1o (enano) es la sorpresa perfecta para darle un toque original, divertido y lleno de energ\u00eda a tu celebraci\u00f3n. Durante una hora, interactuar\u00e1 de forma cercana con los invitados, bailar\u00e1, repartir\u00e1 tequila (o shots) y animar\u00e1 el ambiente con mucho carisma.Adem\u00e1s, los asistentes podr\u00e1n tomarse fotograf\u00edas con \u00e9l, creando recuerdos \u00fanicos y momentos espont\u00e1neos que marcar\u00e1n la diferencia en tu evento.<br \/>\nIdeal para 15 a\u00f1os, graduaciones, cumplea\u00f1os de adultos y m\u00e1s. Animaci\u00f3n divertida, segura y profesional. Personal con experiencia y actitud carism\u00e1tica.<br \/>\nDesde\u00a0 Q1,200.00 M\u00e1s un peque\u00f1o recargo por traslado.<\/p>\n","protected":false},"excerpt":{"rendered":"<p>\u00a1Un personaje peque\u00f1o que har\u00e1 tu evento inolvidable!<\/p>\n","protected":false},"featured_media":386,"comment_status":"open","ping_status":"closed","template":"","meta":[],"product_brand":[],"product_cat":[21],"product_tag":[],"class_list":{"0":"post-385","1":"product","2":"type-product","3":"status-publish","4":"has-post-thumbnail","6":"product_cat-animacion-adultos","8":"first","9":"instock","10":"shipping-taxable","11":"purchasable","12":"product-type-simple"},"jetpack_sharing_enabled":true,"_links":{"self":[{"href":"https:\/\/payasosdeguatemala.com\/tienda\/wp-json\/wp\/v2\/product\/385","targetHints":{"allow":["GET"]}}],"collection":[{"href":"https:\/\/payasosdeguatemala.com\/tienda\/wp-json\/wp\/v2\/product"}],"about":[{"href":"https:\/\/payasosdeguatemala.com\/tienda\/wp-json\/wp\/v2\/types\/product"}],"replies":[{"embeddable":true,"href":"https:\/\/payasosdeguatemala.com\/tienda\/wp-json\/wp\/v2\/comments?post=385"}],"wp:featuredmedia":[{"embeddable":true,"href":"https:\/\/payasosdeguatemala.com\/tienda\/wp-json\/wp\/v2\/media\/386"}],"wp:attachment":[{"href":"https:\/\/payasosdeguatemala.com\/tienda\/wp-json\/wp\/v2\/media?parent=385"}],"wp:term":[{"taxonomy":"product_brand","embeddable":true,"href":"https:\/\/payasosdeguatemala.com\/tienda\/wp-json\/wp\/v2\/product_brand?post=385"},{"taxonomy":"product_cat","embeddable":true,"href":"https:\/\/payasosdeguatemala.com\/tienda\/wp-json\/wp\/v2\/product_cat?post=385"},{"taxonomy":"product_tag","embeddable":true,"href":"https:\/\/payasosdeguatemala.com\/tienda\/wp-json\/wp\/v2\/product_tag?post=385"}],"curies":[{"name":"wp","href":"https:\/\/api.w.org\/{rel}","templated":true}]}}