{"id":405,"date":"2025-07-12T12:19:17","date_gmt":"2025-07-12T18:19:17","guid":{"rendered":"https:\/\/payasosdeguatemala.com\/tienda\/?post_type=product&#038;p=405"},"modified":"2026-03-20T15:17:00","modified_gmt":"2026-03-20T21:17:00","slug":"mimo","status":"publish","type":"product","link":"https:\/\/payasosdeguatemala.com\/tienda\/producto\/mimo\/","title":{"rendered":"MIMO"},"content":{"rendered":"<p>1 MIMO PROFESIONAL<\/p>\n<p>Nuestro mimo profesional es el complemento perfecto para tu activaci\u00f3n BTL. A trav\u00e9s de gestos expresivos, humor visual y mucha creatividad, se encarga de llamar la atenci\u00f3n del p\u00fablico, interactuar con los asistentes y reforzar la imagen de tu marca de forma original y memorable.<br \/>\nIdeal para:<br \/>\nLanzamientos de productos<br \/>\nPromociones en centros comerciales<br \/>\nEventos empresariales<br \/>\nFerias, tiendas y supermercados<br \/>\nActivaciones en v\u00eda p\u00fablica<br \/>\nDuraci\u00f3n 1 hora. Valor Q 700.00 mas 12% de IVA. Precio v\u00e1lido para la ciudad capital, algunas \u00e1reas aplica recargo por traslado del mimo.<\/p>\n","protected":false},"excerpt":{"rendered":"<p>Mimo para Activaciones BTL<br \/>\n\u00a1Atrapa miradas y crea experiencias \u00fanicas!<\/p>\n","protected":false},"featured_media":407,"comment_status":"open","ping_status":"closed","template":"","meta":[],"product_brand":[],"product_cat":[22],"product_tag":[],"class_list":{"0":"post-405","1":"product","2":"type-product","3":"status-publish","4":"has-post-thumbnail","6":"product_cat-publicidad","8":"first","9":"instock","10":"shipping-taxable","11":"purchasable","12":"product-type-simple"},"jetpack_sharing_enabled":true,"_links":{"self":[{"href":"https:\/\/payasosdeguatemala.com\/tienda\/wp-json\/wp\/v2\/product\/405","targetHints":{"allow":["GET"]}}],"collection":[{"href":"https:\/\/payasosdeguatemala.com\/tienda\/wp-json\/wp\/v2\/product"}],"about":[{"href":"https:\/\/payasosdeguatemala.com\/tienda\/wp-json\/wp\/v2\/types\/product"}],"replies":[{"embeddable":true,"href":"https:\/\/payasosdeguatemala.com\/tienda\/wp-json\/wp\/v2\/comments?post=405"}],"wp:featuredmedia":[{"embeddable":true,"href":"https:\/\/payasosdeguatemala.com\/tienda\/wp-json\/wp\/v2\/media\/407"}],"wp:attachment":[{"href":"https:\/\/payasosdeguatemala.com\/tienda\/wp-json\/wp\/v2\/media?parent=405"}],"wp:term":[{"taxonomy":"product_brand","embeddable":true,"href":"https:\/\/payasosdeguatemala.com\/tienda\/wp-json\/wp\/v2\/product_brand?post=405"},{"taxonomy":"product_cat","embeddable":true,"href":"https:\/\/payasosdeguatemala.com\/tienda\/wp-json\/wp\/v2\/product_cat?post=405"},{"taxonomy":"product_tag","embeddable":true,"href":"https:\/\/payasosdeguatemala.com\/tienda\/wp-json\/wp\/v2\/product_tag?post=405"}],"curies":[{"name":"wp","href":"https:\/\/api.w.org\/{rel}","templated":true}]}}