{"id":436,"date":"2025-07-14T16:29:06","date_gmt":"2025-07-14T22:29:06","guid":{"rendered":"https:\/\/payasosdeguatemala.com\/tienda\/?post_type=product&#038;p=436"},"modified":"2026-03-20T15:03:50","modified_gmt":"2026-03-20T21:03:50","slug":"algodones-de-azucar-empacados","status":"publish","type":"product","link":"https:\/\/payasosdeguatemala.com\/tienda\/producto\/algodones-de-azucar-empacados\/","title":{"rendered":"ALGODONES DE AZ\u00daCAR EMPACADOS"},"content":{"rendered":"<p>ALGODONES DE AZ\u00daCAR YA PREPARADOS<br \/>\nVALOR Q 5.00 C\/U\u00a0<b><br \/>\n<\/b><b><\/b><span style=\"font-weight: 400;\">PEDIDO MINIMO\u00a0 50 UNIDADES EN ADELANTE<\/span><\/p>\n<p><span style=\"font-weight: 400;\">Algodones de colores, rosado, blanco, celeste, amarillo, verde y morado.<br \/>\nPuede elegir los colores que m\u00e1s le guste. <\/span><span style=\"font-weight: 400;\"><br \/>\n<\/span><span style=\"font-weight: 400;\">Su presentaci\u00f3n en bolsa es de 3 libras.<br \/>\n<\/span><span style=\"font-weight: 400;\">Son preparados higi\u00e9nicamente.<br \/>\n<\/span><span style=\"font-weight: 400;\">Precio v\u00e1lido para la ciudad capital. Algunas \u00e1reas aplican recargo por env\u00edo.\u00a0<\/span><span style=\"font-weight: 400;\"><br \/>\n<\/span><\/p>\n","protected":false},"excerpt":{"rendered":"<p>ALGODONES DE AZ\u00daCAR YA PREPARADOS VALOR Q 5.00 C\/U\u00a0 PEDIDO MINIMO\u00a0 50 UNIDADES EN ADELANTE Algodones de colores, rosado, blanco, celeste, amarillo, verde y morado. Puede elegir los colores que m\u00e1s le guste. Su presentaci\u00f3n en bolsa es de 3 libras. Son preparados higi\u00e9nicamente. Precio v\u00e1lido para la ciudad capital. Algunas \u00e1reas aplican recargo por [&hellip;]<\/p>\n","protected":false},"featured_media":437,"comment_status":"open","ping_status":"closed","template":"","meta":[],"product_brand":[],"product_cat":[29],"product_tag":[],"class_list":{"0":"post-436","1":"product","2":"type-product","3":"status-publish","4":"has-post-thumbnail","6":"product_cat-refacciones","8":"first","9":"instock","10":"shipping-taxable","11":"product-type-simple"},"jetpack_sharing_enabled":true,"_links":{"self":[{"href":"https:\/\/payasosdeguatemala.com\/tienda\/wp-json\/wp\/v2\/product\/436","targetHints":{"allow":["GET"]}}],"collection":[{"href":"https:\/\/payasosdeguatemala.com\/tienda\/wp-json\/wp\/v2\/product"}],"about":[{"href":"https:\/\/payasosdeguatemala.com\/tienda\/wp-json\/wp\/v2\/types\/product"}],"replies":[{"embeddable":true,"href":"https:\/\/payasosdeguatemala.com\/tienda\/wp-json\/wp\/v2\/comments?post=436"}],"wp:featuredmedia":[{"embeddable":true,"href":"https:\/\/payasosdeguatemala.com\/tienda\/wp-json\/wp\/v2\/media\/437"}],"wp:attachment":[{"href":"https:\/\/payasosdeguatemala.com\/tienda\/wp-json\/wp\/v2\/media?parent=436"}],"wp:term":[{"taxonomy":"product_brand","embeddable":true,"href":"https:\/\/payasosdeguatemala.com\/tienda\/wp-json\/wp\/v2\/product_brand?post=436"},{"taxonomy":"product_cat","embeddable":true,"href":"https:\/\/payasosdeguatemala.com\/tienda\/wp-json\/wp\/v2\/product_cat?post=436"},{"taxonomy":"product_tag","embeddable":true,"href":"https:\/\/payasosdeguatemala.com\/tienda\/wp-json\/wp\/v2\/product_tag?post=436"}],"curies":[{"name":"wp","href":"https:\/\/api.w.org\/{rel}","templated":true}]}}