{"id":456,"date":"2025-07-15T16:10:39","date_gmt":"2025-07-15T22:10:39","guid":{"rendered":"https:\/\/payasosdeguatemala.com\/tienda\/?post_type=product&#038;p=456"},"modified":"2025-07-15T16:44:27","modified_gmt":"2025-07-15T22:44:27","slug":"santa-claus-y-mama-claus","status":"publish","type":"product","link":"https:\/\/payasosdeguatemala.com\/tienda\/producto\/santa-claus-y-mama-claus\/","title":{"rendered":"SANTA CLAUS Y MAM\u00c1 CLAUS"},"content":{"rendered":"<p>SANTA CLAUS Y MAM\u00c1 CLAUS PARA CONVIVIO<br \/>\nEMPRESARIAL O FAMILIAR<\/p>\n<p>\u00a1Haz que esta Navidad sea m\u00e1gica y llena de alegr\u00eda!<br \/>\nContrata a nuestro Santa Claus y Mam\u00e1 Claus profesionales para tu convivio empresarial o familiar.<br \/>\nSanta saluda a los invitados, realiza el cl\u00e1sico baile del \u201cJojojo\u201d e interact\u00faa con los presentes, creando un ambiente festivo y alegre.<br \/>\nMam\u00e1 Claus acompa\u00f1a a Santa en todas las din\u00e1micas, ayudando con la entrega de regalos, tom\u00e1ndose fotos y animando con mucho carisma y ternura.<br \/>\nIncluye:<br \/>\nDin\u00e1micas divertidas y mensajes especiales<br \/>\nFotos con ni\u00f1os y adultos<br \/>\nEntrega de regalos (si lo desea)<br \/>\nIncluye: 1 bocina amplificada, micr\u00f3fono y m\u00fasica navide\u00f1a<br \/>\nValor del servicio:<br \/>\n1 Hora \u2013 Q1.1300.00<br \/>\n2 Horas \u2013 Q1500.00<br \/>\nPrecio v\u00e1lido para la Ciudad Capital. En algunas \u00e1reas puede aplicar recargo por traslado de Santa y Mam\u00e1 Claus.<\/p>\n","protected":false},"excerpt":{"rendered":"<p>\u00a1Haz que esta Navidad sea m\u00e1gica y llena de alegr\u00eda!<\/p>\n","protected":false},"featured_media":457,"comment_status":"open","ping_status":"closed","template":"","meta":[],"product_brand":[],"product_cat":[15],"product_tag":[],"class_list":{"0":"post-456","1":"product","2":"type-product","3":"status-publish","4":"has-post-thumbnail","6":"product_cat-navideno","8":"first","9":"instock","10":"shipping-taxable","11":"product-type-simple"},"jetpack_sharing_enabled":true,"_links":{"self":[{"href":"https:\/\/payasosdeguatemala.com\/tienda\/wp-json\/wp\/v2\/product\/456","targetHints":{"allow":["GET"]}}],"collection":[{"href":"https:\/\/payasosdeguatemala.com\/tienda\/wp-json\/wp\/v2\/product"}],"about":[{"href":"https:\/\/payasosdeguatemala.com\/tienda\/wp-json\/wp\/v2\/types\/product"}],"replies":[{"embeddable":true,"href":"https:\/\/payasosdeguatemala.com\/tienda\/wp-json\/wp\/v2\/comments?post=456"}],"wp:featuredmedia":[{"embeddable":true,"href":"https:\/\/payasosdeguatemala.com\/tienda\/wp-json\/wp\/v2\/media\/457"}],"wp:attachment":[{"href":"https:\/\/payasosdeguatemala.com\/tienda\/wp-json\/wp\/v2\/media?parent=456"}],"wp:term":[{"taxonomy":"product_brand","embeddable":true,"href":"https:\/\/payasosdeguatemala.com\/tienda\/wp-json\/wp\/v2\/product_brand?post=456"},{"taxonomy":"product_cat","embeddable":true,"href":"https:\/\/payasosdeguatemala.com\/tienda\/wp-json\/wp\/v2\/product_cat?post=456"},{"taxonomy":"product_tag","embeddable":true,"href":"https:\/\/payasosdeguatemala.com\/tienda\/wp-json\/wp\/v2\/product_tag?post=456"}],"curies":[{"name":"wp","href":"https:\/\/api.w.org\/{rel}","templated":true}]}}