{"id":458,"date":"2025-07-15T16:22:53","date_gmt":"2025-07-15T22:22:53","guid":{"rendered":"https:\/\/payasosdeguatemala.com\/tienda\/?post_type=product&#038;p=458"},"modified":"2025-07-15T17:13:55","modified_gmt":"2025-07-15T23:13:55","slug":"santa-claus-y-su-duende","status":"publish","type":"product","link":"https:\/\/payasosdeguatemala.com\/tienda\/producto\/santa-claus-y-su-duende\/","title":{"rendered":"SANTA CLAUS Y SU DUENDE"},"content":{"rendered":"<p>SANTA CLAUS Y SU DUENDE PARA CONVIVIO<br \/>\nEMPRESARIAL O FAMILIAR<\/p>\n<p>\u00a1Haz que esta Navidad sea m\u00e1gica y llena de alegr\u00eda!<br \/>\nContrata a nuestro Santa Claus profesional, acompa\u00f1ado de su divertido duende navide\u00f1o, para tu convivio empresarial o familiar.<br \/>\nSanta saluda a los invitados, realiza el cl\u00e1sico baile del \u201cJojojo\u201d e interact\u00faa con los presentes, creando un ambiente festivo y alegre.<br \/>\nEl duende anima con ocurrencias, apoya en las din\u00e1micas, entrega de regalos y se toma fotos con todos.<br \/>\nIncluye:<br \/>\nDin\u00e1micas divertidas y mensajes especiales<br \/>\nFotos con ni\u00f1os y adultos<br \/>\nEntrega de regalos (si lo desea)<br \/>\nSonido: 1 bocina amplificada, micr\u00f3fono y m\u00fasica navide\u00f1a<br \/>\nValor del servicio:<br \/>\n1 Hora \u2013 Q1,200.00<br \/>\n2 Horas \u2013 Q1400.00<br \/>\nPrecio v\u00e1lido para la Ciudad Capital. En algunas \u00e1reas puede aplicar recargo por traslado de Santa y su duende.<\/p>\n","protected":false},"excerpt":{"rendered":"<p>\u00a1Haz que esta Navidad sea m\u00e1gica y llena de alegr\u00eda!<\/p>\n","protected":false},"featured_media":462,"comment_status":"open","ping_status":"closed","template":"","meta":[],"product_brand":[],"product_cat":[15],"product_tag":[],"class_list":{"0":"post-458","1":"product","2":"type-product","3":"status-publish","4":"has-post-thumbnail","6":"product_cat-navideno","8":"first","9":"instock","10":"shipping-taxable","11":"product-type-simple"},"jetpack_sharing_enabled":true,"_links":{"self":[{"href":"https:\/\/payasosdeguatemala.com\/tienda\/wp-json\/wp\/v2\/product\/458","targetHints":{"allow":["GET"]}}],"collection":[{"href":"https:\/\/payasosdeguatemala.com\/tienda\/wp-json\/wp\/v2\/product"}],"about":[{"href":"https:\/\/payasosdeguatemala.com\/tienda\/wp-json\/wp\/v2\/types\/product"}],"replies":[{"embeddable":true,"href":"https:\/\/payasosdeguatemala.com\/tienda\/wp-json\/wp\/v2\/comments?post=458"}],"wp:featuredmedia":[{"embeddable":true,"href":"https:\/\/payasosdeguatemala.com\/tienda\/wp-json\/wp\/v2\/media\/462"}],"wp:attachment":[{"href":"https:\/\/payasosdeguatemala.com\/tienda\/wp-json\/wp\/v2\/media?parent=458"}],"wp:term":[{"taxonomy":"product_brand","embeddable":true,"href":"https:\/\/payasosdeguatemala.com\/tienda\/wp-json\/wp\/v2\/product_brand?post=458"},{"taxonomy":"product_cat","embeddable":true,"href":"https:\/\/payasosdeguatemala.com\/tienda\/wp-json\/wp\/v2\/product_cat?post=458"},{"taxonomy":"product_tag","embeddable":true,"href":"https:\/\/payasosdeguatemala.com\/tienda\/wp-json\/wp\/v2\/product_tag?post=458"}],"curies":[{"name":"wp","href":"https:\/\/api.w.org\/{rel}","templated":true}]}}