{"id":83,"date":"2019-07-26T21:15:54","date_gmt":"2019-07-26T21:15:54","guid":{"rendered":"http:\/\/payasosdeguatemala.com\/tienda\/?post_type=product&#038;p=83"},"modified":"2025-07-04T17:09:34","modified_gmt":"2025-07-04T23:09:34","slug":"show-de-mago","status":"publish","type":"product","link":"https:\/\/payasosdeguatemala.com\/tienda\/producto\/show-de-mago\/","title":{"rendered":"MAGO PROFESIONAL"},"content":{"rendered":"<p><span style=\"font-weight: 400;\">1 MAGO PROFESIONAL<br \/>\nDURACION 1 HORA<\/span><\/p>\n<p><span style=\"font-weight: 400;\">Un espect\u00e1culo lleno de asombro, diversi\u00f3n y participaci\u00f3n.<br \/>\nNuestro mago profesional combina efectos visuales impactantes con humor sano y carisma esc\u00e9nico,<br \/>\nlogrando un show apto para ni\u00f1os, j\u00f3venes y adultos.<br \/>\nPodr\u00e1n disfrutar de trucos incre\u00edbles con fuego, agua, viento y una variedad de objetos como pa\u00f1uelos, pelotitas, cartas, cuerdas, cajas, el mago tambien hace aparecer y desaparecer palomas.<br \/>\nNuestro mago interact\u00faa con el p\u00fablico en cada acto de magia, llevando a una persona al escenario para que vea de cerca la magia. Valor del servicio Q1200. Precio valid\u00f3 para la ciudad capital. Algunas \u00e1reas\u00a0 aplica un peque\u00f1o\u00a0 recargo por traslado del mago. Si desea el mago puede aparecer un conejito beb\u00e9 como regalo para el cumplea\u00f1ero con un valor adicional de Q100.00<\/span><\/p>\n<p>&nbsp;<\/p>\n<p>&nbsp;<\/p>\n<p>&nbsp;<\/p>\n","protected":false},"excerpt":{"rendered":"<p>Mago 100% profesional<\/p>\n","protected":false},"featured_media":343,"comment_status":"open","ping_status":"closed","template":"","meta":[],"product_brand":[],"product_cat":[20],"product_tag":[],"class_list":{"0":"post-83","1":"product","2":"type-product","3":"status-publish","4":"has-post-thumbnail","6":"product_cat-animacion-infantil","8":"first","9":"instock","10":"shipping-taxable","11":"purchasable","12":"product-type-simple"},"jetpack_sharing_enabled":true,"_links":{"self":[{"href":"https:\/\/payasosdeguatemala.com\/tienda\/wp-json\/wp\/v2\/product\/83","targetHints":{"allow":["GET"]}}],"collection":[{"href":"https:\/\/payasosdeguatemala.com\/tienda\/wp-json\/wp\/v2\/product"}],"about":[{"href":"https:\/\/payasosdeguatemala.com\/tienda\/wp-json\/wp\/v2\/types\/product"}],"replies":[{"embeddable":true,"href":"https:\/\/payasosdeguatemala.com\/tienda\/wp-json\/wp\/v2\/comments?post=83"}],"wp:featuredmedia":[{"embeddable":true,"href":"https:\/\/payasosdeguatemala.com\/tienda\/wp-json\/wp\/v2\/media\/343"}],"wp:attachment":[{"href":"https:\/\/payasosdeguatemala.com\/tienda\/wp-json\/wp\/v2\/media?parent=83"}],"wp:term":[{"taxonomy":"product_brand","embeddable":true,"href":"https:\/\/payasosdeguatemala.com\/tienda\/wp-json\/wp\/v2\/product_brand?post=83"},{"taxonomy":"product_cat","embeddable":true,"href":"https:\/\/payasosdeguatemala.com\/tienda\/wp-json\/wp\/v2\/product_cat?post=83"},{"taxonomy":"product_tag","embeddable":true,"href":"https:\/\/payasosdeguatemala.com\/tienda\/wp-json\/wp\/v2\/product_tag?post=83"}],"curies":[{"name":"wp","href":"https:\/\/api.w.org\/{rel}","templated":true}]}}